{"id":378,"date":"2026-03-02T13:33:21","date_gmt":"2026-03-02T12:33:21","guid":{"rendered":"https:\/\/hostalsmile.com\/?page_id=378"},"modified":"2026-03-05T10:37:36","modified_gmt":"2026-03-05T09:37:36","slug":"accesibility","status":"publish","type":"page","link":"https:\/\/hostalsmile.com\/en\/accesibility\/","title":{"rendered":"Accessibility"},"content":{"rendered":"\t\t<div data-elementor-type=\"wp-page\" data-elementor-id=\"378\" class=\"elementor elementor-378 elementor-377\" data-elementor-post-type=\"page\">\n\t\t\t\t<div class=\"elementor-element elementor-element-aa78abe e-flex e-con-boxed e-con e-parent\" data-id=\"aa78abe\" data-element_type=\"container\" data-e-type=\"container\" data-settings=\"{&quot;background_background&quot;:&quot;classic&quot;}\">\n\t\t\t\t\t<div class=\"e-con-inner\">\n\t\t\t\t<div class=\"elementor-element elementor-element-0983f49 elementor-widget elementor-widget-heading\" data-id=\"0983f49\" data-element_type=\"widget\" data-e-type=\"widget\" data-widget_type=\"heading.default\">\n\t\t\t\t\t<h1 class=\"elementor-heading-title elementor-size-default\">Accessibility<\/h1>\t\t\t\t<\/div>\n\t\t\t\t\t<\/div>\n\t\t\t\t<\/div>\n\t\t<div class=\"elementor-element elementor-element-a6db07b e-flex e-con-boxed e-con e-parent\" data-id=\"a6db07b\" data-element_type=\"container\" data-e-type=\"container\">\n\t\t\t\t\t<div class=\"e-con-inner\">\n\t\t\t\t<div class=\"elementor-element elementor-element-4d7594d elementor-widget elementor-widget-text-editor\" data-id=\"4d7594d\" data-element_type=\"widget\" data-e-type=\"widget\" data-widget_type=\"text-editor.default\">\n\t\t\t\t\t\t\t\t\t<p><strong>Cristian Rodriguez Delamo Recuero<\/strong> is committed to making its website accessible in accordance with the accessibility requirements set out in European standard <strong>EN 301 549<\/strong> and following the W3C&#8217;s<strong> WCAG 2.1 Level AA<\/strong> accessibility guidelines for web content.<\/p><p>This accessibility statement applies to the website:<\/p><p><a href=\"https:\/\/hostalalicantesmileandco.com\/\" target=\"_blank\" rel=\"noopener\">https:\/\/hostalalicantesmileandco.com\/<\/a><\/p><h3>1. Compliance status<\/h3><p>This website is <strong>partially compliant<\/strong> with WCAG 2.1 Level AA due to the possible existence of content that does not fully meet accessibility requirements.<\/p><h3>2. Potentially inaccessible content<\/h3><p>Some content may not be fully accessible for the following reasons:<\/p><ul><li>Office documents published prior to accessibility reviews.<\/li><li>Third-party content not developed by this entity.<\/li><li>Possible isolated errors in contrast, structure, or labelling.<\/li><\/ul><p>Continuous improvements are being made to ensure the accessibility of the website.<\/p><h3>3. Preparation of this statement<\/h3><p>This statement was prepared on <strong>10 May 2025.<\/strong><\/p><p>Method used: internal self-assessment based on manual review and automated validation tools.<\/p><p>Last revision of the declaration: <strong>12 May 2025.<\/strong><\/p><h3>4. Comments and contact details<\/h3><p>If you encounter accessibility barriers or wish to request information in an accessible format, please contact us:<\/p><ul><li>Email: <a href=\"mailto:info@hostalalicantesmileandco.com\">info@hostalalicantesmileandco.com<\/a><\/li><li>Form: <a href=\"https:\/\/hostalalicantesmileandco.com\/contacto\/\" target=\"_blank\" rel=\"noopener\">https:\/\/hostalalicantesmileandco.com\/contacto\/<\/a><\/li><li>Telephone: 676 46 96 90<\/li><\/ul><p>Communications will be handled and processed with the utmost diligence to guarantee the right of universal access.<\/p><h3>5. Additional information<\/h3><p>El sitio web aplica principios de accesibilidad universal y dise\u00f1o para todos, con el objetivo de facilitar el acceso a la informaci\u00f3n al mayor n\u00famero posible de personas, incluyendo aquellas con discapacidad o limitaciones funcionales.<\/p><p> <\/p>\t\t\t\t\t\t\t\t<\/div>\n\t\t\t\t\t<\/div>\n\t\t\t\t<\/div>\n\t\t\t\t<\/div>\n\t\t","protected":false},"excerpt":{"rendered":"<p>Cristian Rodriguez Delamo Recuero is committed to making its website accessible in accordance with the accessibility requirements set out in European standard EN 301 549 and following the W3C&#8217;s WCAG 2.1 Level AA accessibility guidelines for web content. This accessibility statement applies to the website: https:\/\/hostalalicantesmileandco.com\/ 1. Compliance status This website is partially compliant with [&hellip;]<\/p>\n","protected":false},"author":1,"featured_media":0,"parent":0,"menu_order":0,"comment_status":"closed","ping_status":"closed","template":"","meta":{"footnotes":""},"class_list":["post-378","page","type-page","status-publish","hentry"],"_links":{"self":[{"href":"https:\/\/hostalsmile.com\/en\/wp-json\/wp\/v2\/pages\/378","targetHints":{"allow":["GET"]}}],"collection":[{"href":"https:\/\/hostalsmile.com\/en\/wp-json\/wp\/v2\/pages"}],"about":[{"href":"https:\/\/hostalsmile.com\/en\/wp-json\/wp\/v2\/types\/page"}],"author":[{"embeddable":true,"href":"https:\/\/hostalsmile.com\/en\/wp-json\/wp\/v2\/users\/1"}],"replies":[{"embeddable":true,"href":"https:\/\/hostalsmile.com\/en\/wp-json\/wp\/v2\/comments?post=378"}],"version-history":[{"count":3,"href":"https:\/\/hostalsmile.com\/en\/wp-json\/wp\/v2\/pages\/378\/revisions"}],"predecessor-version":[{"id":404,"href":"https:\/\/hostalsmile.com\/en\/wp-json\/wp\/v2\/pages\/378\/revisions\/404"}],"wp:attachment":[{"href":"https:\/\/hostalsmile.com\/en\/wp-json\/wp\/v2\/media?parent=378"}],"curies":[{"name":"wp","href":"https:\/\/api.w.org\/{rel}","templated":true}]}}