{"id":379,"date":"2026-03-02T13:33:21","date_gmt":"2026-03-02T12:33:21","guid":{"rendered":"https:\/\/hostalsmile.com\/?page_id=379"},"modified":"2026-03-05T10:38:39","modified_gmt":"2026-03-05T09:38:39","slug":"accessibilite","status":"publish","type":"page","link":"https:\/\/hostalsmile.com\/fr\/accessibilite\/","title":{"rendered":"Accessibilit\u00e9"},"content":{"rendered":"\t\t<div data-elementor-type=\"wp-page\" data-elementor-id=\"379\" class=\"elementor elementor-379 elementor-377\" data-elementor-post-type=\"page\">\n\t\t\t\t<div class=\"elementor-element elementor-element-aa78abe e-flex e-con-boxed e-con e-parent\" data-id=\"aa78abe\" data-element_type=\"container\" data-e-type=\"container\" data-settings=\"{&quot;background_background&quot;:&quot;classic&quot;}\">\n\t\t\t\t\t<div class=\"e-con-inner\">\n\t\t\t\t<div class=\"elementor-element elementor-element-0983f49 elementor-widget elementor-widget-heading\" data-id=\"0983f49\" data-element_type=\"widget\" data-e-type=\"widget\" data-widget_type=\"heading.default\">\n\t\t\t\t\t<h1 class=\"elementor-heading-title elementor-size-default\">Accessibilit\u00e9<\/h1>\t\t\t\t<\/div>\n\t\t\t\t\t<\/div>\n\t\t\t\t<\/div>\n\t\t<div class=\"elementor-element elementor-element-a6db07b e-flex e-con-boxed e-con e-parent\" data-id=\"a6db07b\" data-element_type=\"container\" data-e-type=\"container\">\n\t\t\t\t\t<div class=\"e-con-inner\">\n\t\t\t\t<div class=\"elementor-element elementor-element-4d7594d elementor-widget elementor-widget-text-editor\" data-id=\"4d7594d\" data-element_type=\"widget\" data-e-type=\"widget\" data-widget_type=\"text-editor.default\">\n\t\t\t\t\t\t\t\t\t<p><strong>Cristian Rodriguez Delamo Recuero<\/strong> s&rsquo;engage \u00e0 rendre son site web accessible conform\u00e9ment aux exigences d&rsquo;accessibilit\u00e9 \u00e9tablies dans la norme europ\u00e9enne <strong>EN 301 549<\/strong> et en suivant les directives d&rsquo;accessibilit\u00e9 pour le contenu web <strong>WCAG 2.1 niveau AA du W3C.<\/strong><\/p><p>La pr\u00e9sente d\u00e9claration d&rsquo;accessibilit\u00e9 s&rsquo;applique au site web :<\/p><p><a href=\"https:\/\/hostalalicantesmileandco.com\/\" target=\"_blank\" rel=\"noopener\">https:\/\/hostalalicantesmileandco.com\/<\/a><\/p><h3>1. Situation en mati\u00e8re de conformit\u00e9<\/h3><p>Ce site web est <strong>partiellement conforme<\/strong> aux WCAG 2.1 niveau AA en raison de la pr\u00e9sence \u00e9ventuelle de contenus qui ne r\u00e9pondent pas enti\u00e8rement aux exigences d&rsquo;accessibilit\u00e9.<\/p><h3>2. Contenu potentiellement inaccessible<\/h3><p>Certains contenus peuvent ne pas \u00eatre enti\u00e8rement accessibles pour les raisons suivantes :<\/p><ul><li>Documents bureautiques publi\u00e9s avant les r\u00e9visions d&rsquo;accessibilit\u00e9.<\/li><li>Contenus tiers non d\u00e9velopp\u00e9s par cette entit\u00e9.<\/li><li>Erreurs ponctuelles possibles au niveau du contraste, de la structure ou de l&rsquo;\u00e9tiquetage.<\/li><\/ul><p>Des am\u00e9liorations sont apport\u00e9es en permanence afin de garantir l&rsquo;accessibilit\u00e9 du site web.<\/p><h3>3. Pr\u00e9paration de cette d\u00e9claration<\/h3><p>Cette d\u00e9claration a \u00e9t\u00e9 pr\u00e9par\u00e9e le <strong>10 mai 2025.<\/strong><\/p><p>M\u00e9thode utilis\u00e9e : auto-\u00e9valuation interne bas\u00e9e sur une r\u00e9vision manuelle et des outils de validation automatiques.<\/p><p>Derni\u00e8re r\u00e9vision de la d\u00e9claration : <strong>12 mai 2025.<\/strong><\/p><h3>4. Remarques et coordonn\u00e9es<\/h3><p>Si vous rencontrez des obstacles \u00e0 l&rsquo;accessibilit\u00e9 ou si vous souhaitez demander des informations dans un format accessible, vous pouvez nous contacter :<\/p><ul><li>Email: <a href=\"mailto:info@hostalalicantesmileandco.com\">info@hostalalicantesmileandco.com<\/a><\/li><li>Formulaire: <a href=\"https:\/\/hostalalicantesmileandco.com\/contacto\/\" target=\"_blank\" rel=\"noopener\">https:\/\/hostalalicantesmileandco.com\/contacto\/<\/a><\/li><li>T\u00e9l\u00e9phone: 676 46 96 90<\/li><\/ul><p>Les communications seront trait\u00e9es avec la plus grande diligence afin de garantir le droit d&rsquo;acc\u00e8s universel.<\/p><h3>5. Informations compl\u00e9mentaires<\/h3><p>Le site web applique les principes d&rsquo;accessibilit\u00e9 universelle et de conception pour tous, dans le but de faciliter l&rsquo;acc\u00e8s \u00e0 l&rsquo;information au plus grand nombre possible de personnes, y compris celles souffrant d&rsquo;un handicap ou de limitations fonctionnelles.<\/p><p> <\/p>\t\t\t\t\t\t\t\t<\/div>\n\t\t\t\t\t<\/div>\n\t\t\t\t<\/div>\n\t\t\t\t<\/div>\n\t\t","protected":false},"excerpt":{"rendered":"<p>Cristian Rodriguez Delamo Recuero s&rsquo;engage \u00e0 rendre son site web accessible conform\u00e9ment aux exigences d&rsquo;accessibilit\u00e9 \u00e9tablies dans la norme europ\u00e9enne EN 301 549 et en suivant les directives d&rsquo;accessibilit\u00e9 pour le contenu web WCAG 2.1 niveau AA du W3C. La pr\u00e9sente d\u00e9claration d&rsquo;accessibilit\u00e9 s&rsquo;applique au site web : https:\/\/hostalalicantesmileandco.com\/ 1. Situation en mati\u00e8re de conformit\u00e9 [&hellip;]<\/p>\n","protected":false},"author":1,"featured_media":0,"parent":0,"menu_order":0,"comment_status":"closed","ping_status":"closed","template":"","meta":{"footnotes":""},"class_list":["post-379","page","type-page","status-publish","hentry"],"_links":{"self":[{"href":"https:\/\/hostalsmile.com\/fr\/wp-json\/wp\/v2\/pages\/379","targetHints":{"allow":["GET"]}}],"collection":[{"href":"https:\/\/hostalsmile.com\/fr\/wp-json\/wp\/v2\/pages"}],"about":[{"href":"https:\/\/hostalsmile.com\/fr\/wp-json\/wp\/v2\/types\/page"}],"author":[{"embeddable":true,"href":"https:\/\/hostalsmile.com\/fr\/wp-json\/wp\/v2\/users\/1"}],"replies":[{"embeddable":true,"href":"https:\/\/hostalsmile.com\/fr\/wp-json\/wp\/v2\/comments?post=379"}],"version-history":[{"count":3,"href":"https:\/\/hostalsmile.com\/fr\/wp-json\/wp\/v2\/pages\/379\/revisions"}],"predecessor-version":[{"id":406,"href":"https:\/\/hostalsmile.com\/fr\/wp-json\/wp\/v2\/pages\/379\/revisions\/406"}],"wp:attachment":[{"href":"https:\/\/hostalsmile.com\/fr\/wp-json\/wp\/v2\/media?parent=379"}],"curies":[{"name":"wp","href":"https:\/\/api.w.org\/{rel}","templated":true}]}}