{"id":489,"date":"2026-03-12T08:47:03","date_gmt":"2026-03-12T07:47:03","guid":{"rendered":"https:\/\/hostalsmile.com\/?page_id=489"},"modified":"2026-03-20T12:33:11","modified_gmt":"2026-03-20T11:33:11","slug":"a-propos-de-nous","status":"publish","type":"page","link":"https:\/\/hostalsmile.com\/fr\/a-propos-de-nous\/","title":{"rendered":"\u00c0 propos de nous"},"content":{"rendered":"\t\t<div data-elementor-type=\"wp-page\" data-elementor-id=\"489\" class=\"elementor elementor-489 elementor-487\" data-elementor-post-type=\"page\">\n\t\t\t\t<div class=\"elementor-element elementor-element-aa78abe e-flex e-con-boxed e-con e-parent\" data-id=\"aa78abe\" data-element_type=\"container\" data-e-type=\"container\" data-settings=\"{&quot;background_background&quot;:&quot;classic&quot;}\">\n\t\t\t\t\t<div class=\"e-con-inner\">\n\t\t\t\t<div class=\"elementor-element elementor-element-0983f49 elementor-widget elementor-widget-heading\" data-id=\"0983f49\" data-element_type=\"widget\" data-e-type=\"widget\" data-widget_type=\"heading.default\">\n\t\t\t\t\t<h1 class=\"elementor-heading-title elementor-size-default\">Nous sommes au c\u0153ur de la ville<\/h1>\t\t\t\t<\/div>\n\t\t\t\t\t<\/div>\n\t\t\t\t<\/div>\n\t\t<div class=\"elementor-element elementor-element-a6db07b e-flex e-con-boxed e-con e-parent\" data-id=\"a6db07b\" data-element_type=\"container\" data-e-type=\"container\">\n\t\t\t\t\t<div class=\"e-con-inner\">\n\t\t<div class=\"elementor-element elementor-element-2d50e8d e-grid e-con-full e-con e-child\" data-id=\"2d50e8d\" data-element_type=\"container\" data-e-type=\"container\">\n\t\t<div class=\"elementor-element elementor-element-746be52 e-con-full e-flex e-con e-child\" data-id=\"746be52\" data-element_type=\"container\" data-e-type=\"container\">\n\t\t\t\t<div class=\"elementor-element elementor-element-ed6db59 elementor-widget elementor-widget-heading\" data-id=\"ed6db59\" data-element_type=\"widget\" data-e-type=\"widget\" data-widget_type=\"heading.default\">\n\t\t\t\t\t<h2 class=\"elementor-heading-title elementor-size-default\">Distances \u00e0 pied vers les lieux les plus importants<\/h2>\t\t\t\t<\/div>\n\t\t\t\t<div class=\"elementor-element elementor-element-01f7f3d elementor-widget elementor-widget-text-editor\" data-id=\"01f7f3d\" data-element_type=\"widget\" data-e-type=\"widget\" data-widget_type=\"text-editor.default\">\n\t\t\t\t\t\t\t\t\t<p><strong>22, rue Rafael Terol \u2013 03001 \u2013 Alicante<\/strong><\/p>\t\t\t\t\t\t\t\t<\/div>\n\t\t\t\t<div class=\"elementor-element elementor-element-44f9f1c elementor-icon-list--layout-traditional elementor-list-item-link-full_width elementor-widget elementor-widget-icon-list\" data-id=\"44f9f1c\" data-element_type=\"widget\" data-e-type=\"widget\" data-widget_type=\"icon-list.default\">\n\t\t\t\t\t\t\t<ul class=\"elementor-icon-list-items\">\n\t\t\t\t\t\t\t<li class=\"elementor-icon-list-item\">\n\t\t\t\t\t\t\t\t\t\t\t<span class=\"elementor-icon-list-icon\">\n\t\t\t\t\t\t\t<svg aria-hidden=\"true\" class=\"e-font-icon-svg e-fas-anchor\" viewBox=\"0 0 576 512\" xmlns=\"http:\/\/www.w3.org\/2000\/svg\"><path d=\"M12.971 352h32.394C67.172 454.735 181.944 512 288 512c106.229 0 220.853-57.38 242.635-160h32.394c10.691 0 16.045-12.926 8.485-20.485l-67.029-67.029c-4.686-4.686-12.284-4.686-16.971 0l-67.029 67.029c-7.56 7.56-2.206 20.485 8.485 20.485h35.146c-20.29 54.317-84.963 86.588-144.117 94.015V256h52c6.627 0 12-5.373 12-12v-40c0-6.627-5.373-12-12-12h-52v-5.47c37.281-13.178 63.995-48.725 64-90.518C384.005 43.772 341.605.738 289.37.01 235.723-.739 192 42.525 192 96c0 41.798 26.716 77.35 64 90.53V192h-52c-6.627 0-12 5.373-12 12v40c0 6.627 5.373 12 12 12h52v190.015c-58.936-7.399-123.82-39.679-144.117-94.015h35.146c10.691 0 16.045-12.926 8.485-20.485l-67.029-67.029c-4.686-4.686-12.284-4.686-16.971 0L4.485 331.515C-3.074 339.074 2.28 352 12.971 352zM288 64c17.645 0 32 14.355 32 32s-14.355 32-32 32-32-14.355-32-32 14.355-32 32-32z\"><\/path><\/svg>\t\t\t\t\t\t<\/span>\n\t\t\t\t\t\t\t\t\t\t<span class=\"elementor-icon-list-text\">\u00c0 1 minute de la promenade maritime \u2013 Port<\/span>\n\t\t\t\t\t\t\t\t\t<\/li>\n\t\t\t\t\t\t\t\t<li class=\"elementor-icon-list-item\">\n\t\t\t\t\t\t\t\t\t\t\t<span class=\"elementor-icon-list-icon\">\n\t\t\t\t\t\t\t<svg aria-hidden=\"true\" class=\"e-font-icon-svg e-fas-utensils\" viewBox=\"0 0 416 512\" xmlns=\"http:\/\/www.w3.org\/2000\/svg\"><path d=\"M207.9 15.2c.8 4.7 16.1 94.5 16.1 128.8 0 52.3-27.8 89.6-68.9 104.6L168 486.7c.7 13.7-10.2 25.3-24 25.3H80c-13.7 0-24.7-11.5-24-25.3l12.9-238.1C27.7 233.6 0 196.2 0 144 0 109.6 15.3 19.9 16.1 15.2 19.3-5.1 61.4-5.4 64 16.3v141.2c1.3 3.4 15.1 3.2 16 0 1.4-25.3 7.9-139.2 8-141.8 3.3-20.8 44.7-20.8 47.9 0 .2 2.7 6.6 116.5 8 141.8.9 3.2 14.8 3.4 16 0V16.3c2.6-21.6 44.8-21.4 48-1.1zm119.2 285.7l-15 185.1c-1.2 14 9.9 26 23.9 26h56c13.3 0 24-10.7 24-24V24c0-13.2-10.7-24-24-24-82.5 0-221.4 178.5-64.9 300.9z\"><\/path><\/svg>\t\t\t\t\t\t<\/span>\n\t\t\t\t\t\t\t\t\t\t<span class=\"elementor-icon-list-text\">\u00c0 3 minutes de la zone de loisirs et des restaurants<\/span>\n\t\t\t\t\t\t\t\t\t<\/li>\n\t\t\t\t\t\t\t\t<li class=\"elementor-icon-list-item\">\n\t\t\t\t\t\t\t\t\t\t\t<span class=\"elementor-icon-list-icon\">\n\t\t\t\t\t\t\t<svg aria-hidden=\"true\" class=\"e-font-icon-svg e-fas-shopping-bag\" viewBox=\"0 0 448 512\" xmlns=\"http:\/\/www.w3.org\/2000\/svg\"><path d=\"M352 160v-32C352 57.42 294.579 0 224 0 153.42 0 96 57.42 96 128v32H0v272c0 44.183 35.817 80 80 80h288c44.183 0 80-35.817 80-80V160h-96zm-192-32c0-35.29 28.71-64 64-64s64 28.71 64 64v32H160v-32zm160 120c-13.255 0-24-10.745-24-24s10.745-24 24-24 24 10.745 24 24-10.745 24-24 24zm-192 0c-13.255 0-24-10.745-24-24s10.745-24 24-24 24 10.745 24 24-10.745 24-24 24z\"><\/path><\/svg>\t\t\t\t\t\t<\/span>\n\t\t\t\t\t\t\t\t\t\t<span class=\"elementor-icon-list-text\">\u00c0 3 minutes de la zone commerciale<\/span>\n\t\t\t\t\t\t\t\t\t<\/li>\n\t\t\t\t\t\t\t\t<li class=\"elementor-icon-list-item\">\n\t\t\t\t\t\t\t\t\t\t\t<span class=\"elementor-icon-list-icon\">\n\t\t\t\t\t\t\t<svg aria-hidden=\"true\" class=\"e-font-icon-svg e-far-building\" viewBox=\"0 0 448 512\" xmlns=\"http:\/\/www.w3.org\/2000\/svg\"><path d=\"M128 148v-40c0-6.6 5.4-12 12-12h40c6.6 0 12 5.4 12 12v40c0 6.6-5.4 12-12 12h-40c-6.6 0-12-5.4-12-12zm140 12h40c6.6 0 12-5.4 12-12v-40c0-6.6-5.4-12-12-12h-40c-6.6 0-12 5.4-12 12v40c0 6.6 5.4 12 12 12zm-128 96h40c6.6 0 12-5.4 12-12v-40c0-6.6-5.4-12-12-12h-40c-6.6 0-12 5.4-12 12v40c0 6.6 5.4 12 12 12zm128 0h40c6.6 0 12-5.4 12-12v-40c0-6.6-5.4-12-12-12h-40c-6.6 0-12 5.4-12 12v40c0 6.6 5.4 12 12 12zm-76 84v-40c0-6.6-5.4-12-12-12h-40c-6.6 0-12 5.4-12 12v40c0 6.6 5.4 12 12 12h40c6.6 0 12-5.4 12-12zm76 12h40c6.6 0 12-5.4 12-12v-40c0-6.6-5.4-12-12-12h-40c-6.6 0-12 5.4-12 12v40c0 6.6 5.4 12 12 12zm180 124v36H0v-36c0-6.6 5.4-12 12-12h19.5V24c0-13.3 10.7-24 24-24h337c13.3 0 24 10.7 24 24v440H436c6.6 0 12 5.4 12 12zM79.5 463H192v-67c0-6.6 5.4-12 12-12h40c6.6 0 12 5.4 12 12v67h112.5V49L80 48l-.5 415z\"><\/path><\/svg>\t\t\t\t\t\t<\/span>\n\t\t\t\t\t\t\t\t\t\t<span class=\"elementor-icon-list-text\">\u00c0 9 minutes de la vieille ville<\/span>\n\t\t\t\t\t\t\t\t\t<\/li>\n\t\t\t\t\t\t\t\t<li class=\"elementor-icon-list-item\">\n\t\t\t\t\t\t\t\t\t\t\t<span class=\"elementor-icon-list-icon\">\n\t\t\t\t\t\t\t<svg aria-hidden=\"true\" class=\"e-font-icon-svg e-fas-umbrella-beach\" viewBox=\"0 0 640 512\" xmlns=\"http:\/\/www.w3.org\/2000\/svg\"><path d=\"M115.38 136.9l102.11 37.18c35.19-81.54 86.21-144.29 139-173.7-95.88-4.89-188.78 36.96-248.53 111.8-6.69 8.4-2.66 21.05 7.42 24.72zm132.25 48.16l238.48 86.83c35.76-121.38 18.7-231.66-42.63-253.98-7.4-2.7-15.13-4-23.09-4-58.02.01-128.27 69.17-172.76 171.15zM521.48 60.5c6.22 16.3 10.83 34.6 13.2 55.19 5.74 49.89-1.42 108.23-18.95 166.98l102.62 37.36c10.09 3.67 21.31-3.43 21.57-14.17 2.32-95.69-41.91-187.44-118.44-245.36zM560 447.98H321.06L386 269.5l-60.14-21.9-72.9 200.37H16c-8.84 0-16 7.16-16 16.01v32.01C0 504.83 7.16 512 16 512h544c8.84 0 16-7.17 16-16.01v-32.01c0-8.84-7.16-16-16-16z\"><\/path><\/svg>\t\t\t\t\t\t<\/span>\n\t\t\t\t\t\t\t\t\t\t<span class=\"elementor-icon-list-text\">\u00c0 10 minutes de la plage El Postiguet<\/span>\n\t\t\t\t\t\t\t\t\t<\/li>\n\t\t\t\t\t\t\t\t<li class=\"elementor-icon-list-item\">\n\t\t\t\t\t\t\t\t\t\t\t<span class=\"elementor-icon-list-icon\">\n\t\t\t\t\t\t\t<svg aria-hidden=\"true\" class=\"e-font-icon-svg e-fas-train\" viewBox=\"0 0 448 512\" xmlns=\"http:\/\/www.w3.org\/2000\/svg\"><path d=\"M448 96v256c0 51.815-61.624 96-130.022 96l62.98 49.721C386.905 502.417 383.562 512 376 512H72c-7.578 0-10.892-9.594-4.957-14.279L130.022 448C61.82 448 0 403.954 0 352V96C0 42.981 64 0 128 0h192c65 0 128 42.981 128 96zm-48 136V120c0-13.255-10.745-24-24-24H72c-13.255 0-24 10.745-24 24v112c0 13.255 10.745 24 24 24h304c13.255 0 24-10.745 24-24zm-176 64c-30.928 0-56 25.072-56 56s25.072 56 56 56 56-25.072 56-56-25.072-56-56-56z\"><\/path><\/svg>\t\t\t\t\t\t<\/span>\n\t\t\t\t\t\t\t\t\t\t<span class=\"elementor-icon-list-text\">\u00c0 11 minutes de la gare ferroviaire et routi\u00e8re<\/span>\n\t\t\t\t\t\t\t\t\t<\/li>\n\t\t\t\t\t\t<\/ul>\n\t\t\t\t\t\t<\/div>\n\t\t\t\t<\/div>\n\t\t<div class=\"elementor-element elementor-element-5994921 e-con-full e-flex e-con e-child\" data-id=\"5994921\" data-element_type=\"container\" data-e-type=\"container\">\n\t\t\t\t<div class=\"elementor-element elementor-element-0073e0b elementor-widget elementor-widget-google_maps\" data-id=\"0073e0b\" data-element_type=\"widget\" data-e-type=\"widget\" data-widget_type=\"google_maps.default\">\n\t\t\t\t\t\t\t<div class=\"elementor-custom-embed\">\n\t\t\t<iframe loading=\"lazy\"\n\t\t\t\t\tsrc=\"https:\/\/maps.google.com\/maps?q=Hostal%20Smile%20and%20Co&#038;t=m&#038;z=12&#038;output=embed&#038;iwloc=near\"\n\t\t\t\t\ttitle=\"Hostal Smile and Co\"\n\t\t\t\t\taria-label=\"Hostal Smile and Co\"\n\t\t\t><\/iframe>\n\t\t<\/div>\n\t\t\t\t\t\t<\/div>\n\t\t\t\t<\/div>\n\t\t\t\t<\/div>\n\t\t\t\t\t<\/div>\n\t\t\t\t<\/div>\n\t\t<div class=\"elementor-element elementor-element-a40db04 e-flex e-con-boxed e-con e-parent\" data-id=\"a40db04\" data-element_type=\"container\" data-e-type=\"container\">\n\t\t\t\t\t<div class=\"e-con-inner\">\n\t\t<div class=\"elementor-element elementor-element-2484834 e-grid e-con-full e-con e-child\" data-id=\"2484834\" data-element_type=\"container\" data-e-type=\"container\">\n\t\t<div class=\"elementor-element elementor-element-204436a e-con-full e-flex e-con e-child\" data-id=\"204436a\" data-element_type=\"container\" data-e-type=\"container\">\n\t\t\t\t<div class=\"elementor-element elementor-element-894ef88 elementor-view-default elementor-position-block-start elementor-mobile-position-block-start elementor-widget elementor-widget-icon-box\" data-id=\"894ef88\" data-element_type=\"widget\" data-e-type=\"widget\" data-widget_type=\"icon-box.default\">\n\t\t\t\t\t\t\t<div class=\"elementor-icon-box-wrapper\">\n\n\t\t\t\t\t\t<div class=\"elementor-icon-box-icon\">\n\t\t\t\t<span  class=\"elementor-icon\">\n\t\t\t\t<svg aria-hidden=\"true\" class=\"e-font-icon-svg e-fas-tree\" viewBox=\"0 0 384 512\" xmlns=\"http:\/\/www.w3.org\/2000\/svg\"><path d=\"M378.31 378.49L298.42 288h30.63c9.01 0 16.98-5 20.78-13.06 3.8-8.04 2.55-17.26-3.28-24.05L268.42 160h28.89c9.1 0 17.3-5.35 20.86-13.61 3.52-8.13 1.86-17.59-4.24-24.08L203.66 4.83c-6.03-6.45-17.28-6.45-23.32 0L70.06 122.31c-6.1 6.49-7.75 15.95-4.24 24.08C69.38 154.65 77.59 160 86.69 160h28.89l-78.14 90.91c-5.81 6.78-7.06 15.99-3.27 24.04C37.97 283 45.93 288 54.95 288h30.63L5.69 378.49c-6 6.79-7.36 16.09-3.56 24.26 3.75 8.05 12 13.25 21.01 13.25H160v24.45l-30.29 48.4c-5.32 10.64 2.42 23.16 14.31 23.16h95.96c11.89 0 19.63-12.52 14.31-23.16L224 440.45V416h136.86c9.01 0 17.26-5.2 21.01-13.25 3.8-8.17 2.44-17.47-3.56-24.26z\"><\/path><\/svg>\t\t\t\t<\/span>\n\t\t\t<\/div>\n\t\t\t\n\t\t\t\t\t\t<div class=\"elementor-icon-box-content\">\n\n\t\t\t\t\t\t\t\t\t<h3 class=\"elementor-icon-box-title\">\n\t\t\t\t\t\t<span  >\n\t\t\t\t\t\t\tParcs, promenades et jardins\t\t\t\t\t\t<\/span>\n\t\t\t\t\t<\/h3>\n\t\t\t\t\n\t\t\t\t\t\t\t\t\t<p class=\"elementor-icon-box-description\">\n\t\t\t\t\t\tProfitez d'Alicante en vous promenant sur l'Esplanade, dans le parc de l'Ereta, \u00e0 Canalejas ou dans la Palmeraie, des endroits paisibles o\u00f9 vous pourrez pratiquer des activit\u00e9s en famille toute l'ann\u00e9e gr\u00e2ce \u00e0 un climat ensoleill\u00e9 qui s\u00e9duit toujours les visiteurs.\t\t\t\t\t<\/p>\n\t\t\t\t\n\t\t\t<\/div>\n\t\t\t\n\t\t<\/div>\n\t\t\t\t\t\t<\/div>\n\t\t\t\t<\/div>\n\t\t<div class=\"elementor-element elementor-element-127b2ee e-con-full e-flex e-con e-child\" data-id=\"127b2ee\" data-element_type=\"container\" data-e-type=\"container\">\n\t\t\t\t<div class=\"elementor-element elementor-element-ffb74c8 elementor-view-default elementor-position-block-start elementor-mobile-position-block-start elementor-widget elementor-widget-icon-box\" data-id=\"ffb74c8\" data-element_type=\"widget\" data-e-type=\"widget\" data-widget_type=\"icon-box.default\">\n\t\t\t\t\t\t\t<div class=\"elementor-icon-box-wrapper\">\n\n\t\t\t\t\t\t<div class=\"elementor-icon-box-icon\">\n\t\t\t\t<span  class=\"elementor-icon\">\n\t\t\t\t<svg aria-hidden=\"true\" class=\"e-font-icon-svg e-fas-umbrella-beach\" viewBox=\"0 0 640 512\" xmlns=\"http:\/\/www.w3.org\/2000\/svg\"><path d=\"M115.38 136.9l102.11 37.18c35.19-81.54 86.21-144.29 139-173.7-95.88-4.89-188.78 36.96-248.53 111.8-6.69 8.4-2.66 21.05 7.42 24.72zm132.25 48.16l238.48 86.83c35.76-121.38 18.7-231.66-42.63-253.98-7.4-2.7-15.13-4-23.09-4-58.02.01-128.27 69.17-172.76 171.15zM521.48 60.5c6.22 16.3 10.83 34.6 13.2 55.19 5.74 49.89-1.42 108.23-18.95 166.98l102.62 37.36c10.09 3.67 21.31-3.43 21.57-14.17 2.32-95.69-41.91-187.44-118.44-245.36zM560 447.98H321.06L386 269.5l-60.14-21.9-72.9 200.37H16c-8.84 0-16 7.16-16 16.01v32.01C0 504.83 7.16 512 16 512h544c8.84 0 16-7.17 16-16.01v-32.01c0-8.84-7.16-16-16-16z\"><\/path><\/svg>\t\t\t\t<\/span>\n\t\t\t<\/div>\n\t\t\t\n\t\t\t\t\t\t<div class=\"elementor-icon-box-content\">\n\n\t\t\t\t\t\t\t\t\t<h3 class=\"elementor-icon-box-title\">\n\t\t\t\t\t\t<span  >\n\t\t\t\t\t\t\tPlages\t\t\t\t\t\t<\/span>\n\t\t\t\t\t<\/h3>\n\t\t\t\t\n\t\t\t\t\t\t\t\t\t<p class=\"elementor-icon-box-description\">\n\t\t\t\t\t\tLes plages d'Alicante vous attendent avec leur sable dor\u00e9, leurs eaux cristallines et leurs drapeaux bleus europ\u00e9ens. Visitez \u00e9galement Tabarca, une \u00eele voisine id\u00e9ale pour des excursions inoubliables au bord de la mer pendant des vacances parfaites.\t\t\t\t\t<\/p>\n\t\t\t\t\n\t\t\t<\/div>\n\t\t\t\n\t\t<\/div>\n\t\t\t\t\t\t<\/div>\n\t\t\t\t<\/div>\n\t\t<div class=\"elementor-element elementor-element-cbd7586 e-con-full e-flex e-con e-child\" data-id=\"cbd7586\" data-element_type=\"container\" data-e-type=\"container\">\n\t\t\t\t<div class=\"elementor-element elementor-element-92ad16a elementor-view-default elementor-position-block-start elementor-mobile-position-block-start elementor-widget elementor-widget-icon-box\" data-id=\"92ad16a\" data-element_type=\"widget\" data-e-type=\"widget\" data-widget_type=\"icon-box.default\">\n\t\t\t\t\t\t\t<div class=\"elementor-icon-box-wrapper\">\n\n\t\t\t\t\t\t<div class=\"elementor-icon-box-icon\">\n\t\t\t\t<span  class=\"elementor-icon\">\n\t\t\t\t<svg aria-hidden=\"true\" class=\"e-font-icon-svg e-fas-glass-cheers\" viewBox=\"0 0 640 512\" xmlns=\"http:\/\/www.w3.org\/2000\/svg\"><path d=\"M639.4 433.6c-8.4-20.4-31.8-30.1-52.2-21.6l-22.1 9.2-38.7-101.9c47.9-35 64.8-100.3 34.5-152.8L474.3 16c-8-13.9-25.1-19.7-40-13.6L320 49.8 205.7 2.4c-14.9-6.2-32-.3-40 13.6L79.1 166.5C48.9 219 65.7 284.3 113.6 319.2L74.9 421.1l-22.1-9.2c-20.4-8.5-43.7 1.2-52.2 21.6-1.7 4.1.2 8.8 4.3 10.5l162.3 67.4c4.1 1.7 8.7-.2 10.4-4.3 8.4-20.4-1.2-43.8-21.6-52.3l-22.1-9.2L173.3 342c4.4.5 8.8 1.3 13.1 1.3 51.7 0 99.4-33.1 113.4-85.3l20.2-75.4 20.2 75.4c14 52.2 61.7 85.3 113.4 85.3 4.3 0 8.7-.8 13.1-1.3L506 445.6l-22.1 9.2c-20.4 8.5-30.1 31.9-21.6 52.3 1.7 4.1 6.4 6 10.4 4.3L635.1 444c4-1.7 6-6.3 4.3-10.4zM275.9 162.1l-112.1-46.5 36.5-63.4 94.5 39.2-18.9 70.7zm88.2 0l-18.9-70.7 94.5-39.2 36.5 63.4-112.1 46.5z\"><\/path><\/svg>\t\t\t\t<\/span>\n\t\t\t<\/div>\n\t\t\t\n\t\t\t\t\t\t<div class=\"elementor-icon-box-content\">\n\n\t\t\t\t\t\t\t\t\t<h3 class=\"elementor-icon-box-title\">\n\t\t\t\t\t\t<span  >\n\t\t\t\t\t\t\tC\u00e9l\u00e9brations\t\t\t\t\t\t<\/span>\n\t\t\t\t\t<\/h3>\n\t\t\t\t\n\t\t\t\t\t\t\t\t\t<p class=\"elementor-icon-box-description\">\n\t\t\t\t\t\t\u00c0 Alicante, c'est toujours la f\u00eate : P\u00e2ques, les Hogueras, les Maures et les Chr\u00e9tiens et les c\u00e9l\u00e9brations traditionnelles remplissent les rues de musique, de couleurs et de joie, rendant chaque instant de votre visite ici sp\u00e9cial.\t\t\t\t\t<\/p>\n\t\t\t\t\n\t\t\t<\/div>\n\t\t\t\n\t\t<\/div>\n\t\t\t\t\t\t<\/div>\n\t\t\t\t<\/div>\n\t\t\t\t<\/div>\n\t\t\t\t\t<\/div>\n\t\t\t\t<\/div>\n\t\t\t\t<\/div>\n\t\t","protected":false},"excerpt":{"rendered":"<p>Nous sommes au c\u0153ur de la ville Distances \u00e0 pied vers les lieux les plus importants 22, rue Rafael Terol \u2013 03001 \u2013 Alicante \u00c0 1 minute de la promenade maritime \u2013 Port \u00c0 3 minutes de la zone de loisirs et des restaurants \u00c0 3 minutes de la zone commerciale \u00c0 9 minutes de [&hellip;]<\/p>\n","protected":false},"author":1,"featured_media":0,"parent":0,"menu_order":0,"comment_status":"closed","ping_status":"closed","template":"","meta":{"footnotes":""},"class_list":["post-489","page","type-page","status-publish","hentry"],"_links":{"self":[{"href":"https:\/\/hostalsmile.com\/fr\/wp-json\/wp\/v2\/pages\/489","targetHints":{"allow":["GET"]}}],"collection":[{"href":"https:\/\/hostalsmile.com\/fr\/wp-json\/wp\/v2\/pages"}],"about":[{"href":"https:\/\/hostalsmile.com\/fr\/wp-json\/wp\/v2\/types\/page"}],"author":[{"embeddable":true,"href":"https:\/\/hostalsmile.com\/fr\/wp-json\/wp\/v2\/users\/1"}],"replies":[{"embeddable":true,"href":"https:\/\/hostalsmile.com\/fr\/wp-json\/wp\/v2\/comments?post=489"}],"version-history":[{"count":3,"href":"https:\/\/hostalsmile.com\/fr\/wp-json\/wp\/v2\/pages\/489\/revisions"}],"predecessor-version":[{"id":564,"href":"https:\/\/hostalsmile.com\/fr\/wp-json\/wp\/v2\/pages\/489\/revisions\/564"}],"wp:attachment":[{"href":"https:\/\/hostalsmile.com\/fr\/wp-json\/wp\/v2\/media?parent=489"}],"curies":[{"name":"wp","href":"https:\/\/api.w.org\/{rel}","templated":true}]}}