{"id":380,"date":"2026-03-02T13:33:21","date_gmt":"2026-03-02T12:33:21","guid":{"rendered":"https:\/\/hostalsmile.com\/?page_id=380"},"modified":"2026-03-05T10:39:51","modified_gmt":"2026-03-05T09:39:51","slug":"accessibilita","status":"publish","type":"page","link":"https:\/\/hostalsmile.com\/it\/accessibilita\/","title":{"rendered":"Accessibilit\u00e0"},"content":{"rendered":"\t\t<div data-elementor-type=\"wp-page\" data-elementor-id=\"380\" class=\"elementor elementor-380 elementor-377\" data-elementor-post-type=\"page\">\n\t\t\t\t<div class=\"elementor-element elementor-element-aa78abe e-flex e-con-boxed e-con e-parent\" data-id=\"aa78abe\" data-element_type=\"container\" data-e-type=\"container\" data-settings=\"{&quot;background_background&quot;:&quot;classic&quot;}\">\n\t\t\t\t\t<div class=\"e-con-inner\">\n\t\t\t\t<div class=\"elementor-element elementor-element-0983f49 elementor-widget elementor-widget-heading\" data-id=\"0983f49\" data-element_type=\"widget\" data-e-type=\"widget\" data-widget_type=\"heading.default\">\n\t\t\t\t\t<h1 class=\"elementor-heading-title elementor-size-default\">Accessibilit\u00e0<\/h1>\t\t\t\t<\/div>\n\t\t\t\t\t<\/div>\n\t\t\t\t<\/div>\n\t\t<div class=\"elementor-element elementor-element-a6db07b e-flex e-con-boxed e-con e-parent\" data-id=\"a6db07b\" data-element_type=\"container\" data-e-type=\"container\">\n\t\t\t\t\t<div class=\"e-con-inner\">\n\t\t\t\t<div class=\"elementor-element elementor-element-4d7594d elementor-widget elementor-widget-text-editor\" data-id=\"4d7594d\" data-element_type=\"widget\" data-e-type=\"widget\" data-widget_type=\"text-editor.default\">\n\t\t\t\t\t\t\t\t\t<p><strong>Cristian Rodriguez Delamo Recuero<\/strong> si impegna a rendere accessibile il proprio sito web in conformit\u00e0 con i requisiti di accessibilit\u00e0 stabiliti dalla norma europea <strong>EN 301 549<\/strong> e seguendo le linee guida per l&#8217;accessibilit\u00e0 dei contenuti web <strong>WCAG 2.1 livello AA del W3C.<\/strong><\/p><p>La presente dichiarazione di accessibilit\u00e0 si applica al sito web:<\/p><p><a href=\"https:\/\/hostalalicantesmileandco.com\/\" target=\"_blank\" rel=\"noopener\">https:\/\/hostalalicantesmileandco.com\/<\/a><\/p><h3>1. Situazione di conformit\u00e0<\/h3><p>Questo sito web \u00e8<strong> parzialmente conforme<\/strong> alle WCAG 2.1 livello AA a causa della possibile esistenza di contenuti che non soddisfano pienamente i requisiti di accessibilit\u00e0.<\/p><h3>2. Contenuti potenzialmente non accessibili<\/h3><p>Alcuni contenuti potrebbero non essere completamente accessibili per i seguenti motivi:<\/p><ul><li>Documenti Office pubblicati prima delle revisioni di accessibilit\u00e0.<\/li><li>Contenuti di terzi non sviluppati da questa entit\u00e0.<\/li><li>Possibili errori puntuali di contrasto, struttura o etichettatura.<\/li><\/ul><p>Sono in corso continui miglioramenti per garantire l&#8217;accessibilit\u00e0 del sito web.<\/p><h3>3. Preparazione della presente dichiarazione<\/h3><p>La presente dichiarazione \u00e8 stata redatta il <strong>10 maggio 2025.<\/strong><\/p><p>Metodo utilizzato: autovalutazione interna basata su revisione manuale e strumenti automatici di convalida.<\/p><p>Ultima revisione della dichiarazione: <strong>12 maggio 2025.<\/strong><\/p><h3>4. Osservazioni e recapiti<\/h3><p>Se riscontri barriere all&#8217;accessibilit\u00e0 o desideri richiedere informazioni in un formato accessibile, puoi contattarci:<\/p><ul><li>Email: <a href=\"mailto:info@hostalalicantesmileandco.com\">info@hostalalicantesmileandco.com<\/a><\/li><li>Modulo: <a href=\"https:\/\/hostalalicantesmileandco.com\/contacto\/\" target=\"_blank\" rel=\"noopener\">https:\/\/hostalalicantesmileandco.com\/contacto\/<\/a><\/li><li>Telefono: 676 46 96 90<\/li><\/ul><p>Le comunicazioni saranno gestite e trattate con la massima diligenza per garantire il diritto di accesso universale.<\/p><h3>5. Informazioni aggiuntive<\/h3><p>Il sito web applica i principi di accessibilit\u00e0 universale e progettazione per tutti, con l&#8217;obiettivo di facilitare l&#8217;accesso alle informazioni al maggior numero possibile di persone, comprese quelle con disabilit\u00e0 o limitazioni funzionali.<\/p><p> <\/p>\t\t\t\t\t\t\t\t<\/div>\n\t\t\t\t\t<\/div>\n\t\t\t\t<\/div>\n\t\t\t\t<\/div>\n\t\t","protected":false},"excerpt":{"rendered":"<p>Cristian Rodriguez Delamo Recuero si impegna a rendere accessibile il proprio sito web in conformit\u00e0 con i requisiti di accessibilit\u00e0 stabiliti dalla norma europea EN 301 549 e seguendo le linee guida per l&#8217;accessibilit\u00e0 dei contenuti web WCAG 2.1 livello AA del W3C. La presente dichiarazione di accessibilit\u00e0 si applica al sito web: https:\/\/hostalalicantesmileandco.com\/ 1. [&hellip;]<\/p>\n","protected":false},"author":1,"featured_media":0,"parent":0,"menu_order":0,"comment_status":"closed","ping_status":"closed","template":"","meta":{"footnotes":""},"class_list":["post-380","page","type-page","status-publish","hentry"],"_links":{"self":[{"href":"https:\/\/hostalsmile.com\/it\/wp-json\/wp\/v2\/pages\/380","targetHints":{"allow":["GET"]}}],"collection":[{"href":"https:\/\/hostalsmile.com\/it\/wp-json\/wp\/v2\/pages"}],"about":[{"href":"https:\/\/hostalsmile.com\/it\/wp-json\/wp\/v2\/types\/page"}],"author":[{"embeddable":true,"href":"https:\/\/hostalsmile.com\/it\/wp-json\/wp\/v2\/users\/1"}],"replies":[{"embeddable":true,"href":"https:\/\/hostalsmile.com\/it\/wp-json\/wp\/v2\/comments?post=380"}],"version-history":[{"count":3,"href":"https:\/\/hostalsmile.com\/it\/wp-json\/wp\/v2\/pages\/380\/revisions"}],"predecessor-version":[{"id":408,"href":"https:\/\/hostalsmile.com\/it\/wp-json\/wp\/v2\/pages\/380\/revisions\/408"}],"wp:attachment":[{"href":"https:\/\/hostalsmile.com\/it\/wp-json\/wp\/v2\/media?parent=380"}],"curies":[{"name":"wp","href":"https:\/\/api.w.org\/{rel}","templated":true}]}}