{"id":578,"date":"2026-03-23T11:28:00","date_gmt":"2026-03-23T10:28:00","guid":{"rendered":"https:\/\/hostalsmile.com\/?page_id=578"},"modified":"2026-03-23T11:28:20","modified_gmt":"2026-03-23T10:28:20","slug":"politica-sulla-riservatezza-2","status":"publish","type":"page","link":"https:\/\/hostalsmile.com\/it\/politica-sulla-riservatezza-2\/","title":{"rendered":"Politica sulla riservatezza"},"content":{"rendered":"\t\t<div data-elementor-type=\"wp-page\" data-elementor-id=\"578\" class=\"elementor elementor-578 elementor-575\" data-elementor-post-type=\"page\">\n\t\t\t\t<div class=\"elementor-element elementor-element-aa78abe e-flex e-con-boxed e-con e-parent\" data-id=\"aa78abe\" data-element_type=\"container\" data-e-type=\"container\" data-settings=\"{&quot;background_background&quot;:&quot;classic&quot;}\">\n\t\t\t\t\t<div class=\"e-con-inner\">\n\t\t\t\t<div class=\"elementor-element elementor-element-0983f49 elementor-widget elementor-widget-heading\" data-id=\"0983f49\" data-element_type=\"widget\" data-e-type=\"widget\" data-widget_type=\"heading.default\">\n\t\t\t\t\t<h1 class=\"elementor-heading-title elementor-size-default\">Politica sulla riservatezza<\/h1>\t\t\t\t<\/div>\n\t\t\t\t\t<\/div>\n\t\t\t\t<\/div>\n\t\t<div class=\"elementor-element elementor-element-a6db07b e-flex e-con-boxed e-con e-parent\" data-id=\"a6db07b\" data-element_type=\"container\" data-e-type=\"container\">\n\t\t\t\t\t<div class=\"e-con-inner\">\n\t\t\t\t<div class=\"elementor-element elementor-element-4d7594d elementor-widget elementor-widget-text-editor\" data-id=\"4d7594d\" data-element_type=\"widget\" data-e-type=\"widget\" data-widget_type=\"text-editor.default\">\n\t\t\t\t\t\t\t\t\t<section id=\"politica-privacidad\" class=\"privacy-policy\"><p>Ai sensi del Regolamento (UE) 2016\/679 (RGPD) e della Legge Organica 3\/2018 (LOPDGDD), si informa che:<\/p><ul><li><strong>Responsabile del trattamento<\/strong>: Cristian Rodriguez Delamo Recuero<\/li><li><strong>CIF\/NIF:<\/strong> 70986595Q<\/li><li><strong>Residenza<\/strong>: Alicante, Spagna<\/li><li><strong>Email:<\/strong> <a href=\"mailto:info@hostalalicantesmileandco.com\">info@hostalalicantesmileandco.com<\/a><\/li><\/ul><h2>1. Finalit\u00e0 del trattamento e basi giuridiche<\/h2><p>I tuoi dati personali potranno essere trattati per le seguenti finalit\u00e0:<\/p><ul><li>Rispondere a richieste o domande inviate tramite moduli, e-mail o telefono (base giuridica: consenso dell&#8217;interessato).<\/li><li>Gestione delle prenotazioni, dei servizi contrattati o delle richieste relative all&#8217;attivit\u00e0 della struttura (base giuridica: esecuzione del contratto).<\/li><li>Adempiere agli obblighi legali applicabili (base giuridica: obbligo legale).<\/li><li>Migliorare la qualit\u00e0 del sito web, l&#8217;assistenza agli utenti e l&#8217;esperienza di navigazione (base giuridica: interesse legittimo).<\/li><\/ul><h2>2. Comunicazioni commerciali<\/h2><p>Le comunicazioni commerciali saranno inviate solo previo consenso dell&#8217;utente, salvo nel caso in cui esista un rapporto contrattuale pregresso e si tratti di prodotti o servizi simili a quelli contrattati.<\/p><p>Pu\u00f2 revocare il suo consenso in qualsiasi momento inviando una richiesta all&#8217;indirizzo e-mail indicato.<\/p><h2>3. Destinatari<\/h2><p>I dati potranno essere trattati da fornitori che prestano servizi al responsabile (hosting, e-mail, analisi, software o altri servizi tecnici), che agiscono in qualit\u00e0 di incaricati del trattamento ai sensi del RGPD.<\/p><p>I dati non saranno ceduti a terzi salvo obbligo di legge.<\/p><h2>4. Trasferimenti internazionali<\/h2><p>Alcuni fornitori potrebbero avere sede al di fuori dello Spazio economico europeo. In tali casi, saranno adottate garanzie adeguate ai sensi del RGPD, quali: <\/p><ul><li>Decisioni di adeguatezza della Commissione europea.<\/li><li>Clausole contrattuali tipo approvate dalla Commissione europea.<\/li><\/ul><p>\u00c8 possibile richiedere informazioni dettagliate scrivendo all&#8217;indirizzo e-mail indicato.<\/p><h2>5. Termini di conservazione<\/h2><p>I dati personali saranno conservati:<\/p><ul><li>Fintantoch\u00e9 sussiste un rapporto contrattuale o un consenso in vigore.<\/li><li>Durante i termini previsti dalla normativa legale applicabile.<\/li><li>Successivamente, bloccati per il tempo necessario ad adempiere a eventuali responsabilit\u00e0 legali.<\/li><\/ul><h2>6. Diritti degli utenti<\/h2><p>Pu\u00f2 esercitare i seguenti diritti:<\/p><ul><li>Accesso<\/li><li>Rettifica<\/li><li>Eliminazione<\/li><li>Opposizione<\/li><li>Limitazione del trattamento<\/li><li>Portabilit\u00e0<\/li><\/ul><p>Per esercitarli, \u00e8 necessario inviare una richiesta all&#8217;indirizzo <a href=\"mailto:info@hostalalicantesmileandco.com\">info@hostalalicantesmileandco.com<\/a> con oggetto \u201cProtezione dei dati\u201d, allegando una copia di un documento di identit\u00e0.<\/p><p>Il termine massimo per la risposta \u00e8 di 1 mese.<\/p><p>Allo stesso modo, pu\u00f2 presentare un reclamo all&#8217;Agenzia spagnola per la protezione dei dati se ritiene che i suoi diritti siano stati violati.<\/p><h2>7. Dati obbligatori<\/h2><p>I campi contrassegnati come obbligatori nei moduli sono necessari per fornire il servizio. La mancanza di questi dati pu\u00f2 impedire la corretta fornitura del servizio. <\/p><h2>8. Veridicit\u00e0 dei dati<\/h2><p>L&#8217;utente garantisce che i dati forniti sono veritieri, accurati e aggiornati, assumendosi la responsabilit\u00e0 per eventuali danni o pregiudizi derivanti da dati errati, falsi o non aggiornati.<\/p><h2>9. Minori<\/h2><p>I servizi sono rivolti a persone di et\u00e0 superiore ai 14 anni. I minori di tale et\u00e0 devono avere l&#8217;autorizzazione dei genitori o dei tutori legali per fornire i propri dati personali. <\/p><h2>10. Cookie<\/h2><p>Questo sito web utilizza cookie tecnici, analitici e, se del caso, pubblicitari. I cookie non necessari saranno installati solo previo consenso dell&#8217;utente. <\/p><p>Puoi consultare tutte le informazioni dettagliate nella Politica sui cookie.<\/p><h2>11. Dati sensibili nei moduli<\/h2><p>Non inserire informazioni sensibili (dati relativi alla salute, ideologia, religione, origine etnica, orientamento sessuale, dati biometrici o altri dati particolarmente protetti) salvo che non sia strettamente necessario e espressamente richiesto.<\/p><h2>12. Aggiornamenti<\/h2><p>Esta Pol\u00edtica de Privacidad puede modificarse para adaptarse a cambios legislativos o t\u00e9cnicos. Se recomienda revisarla peri\u00f3dicamente. <\/p><\/section>\t\t\t\t\t\t\t\t<\/div>\n\t\t\t\t\t<\/div>\n\t\t\t\t<\/div>\n\t\t\t\t<\/div>\n\t\t","protected":false},"excerpt":{"rendered":"<p>Ai sensi del Regolamento (UE) 2016\/679 (RGPD) e della Legge Organica 3\/2018 (LOPDGDD), si informa che: Responsabile del trattamento: Cristian Rodriguez Delamo Recuero CIF\/NIF: 70986595Q Residenza: Alicante, Spagna Email: info@hostalalicantesmileandco.com 1. Finalit\u00e0 del trattamento e basi giuridiche I tuoi dati personali potranno essere trattati per le seguenti finalit\u00e0: Rispondere a richieste o domande inviate tramite [&hellip;]<\/p>\n","protected":false},"author":1,"featured_media":0,"parent":0,"menu_order":0,"comment_status":"closed","ping_status":"closed","template":"","meta":{"footnotes":""},"class_list":["post-578","page","type-page","status-publish","hentry"],"_links":{"self":[{"href":"https:\/\/hostalsmile.com\/it\/wp-json\/wp\/v2\/pages\/578","targetHints":{"allow":["GET"]}}],"collection":[{"href":"https:\/\/hostalsmile.com\/it\/wp-json\/wp\/v2\/pages"}],"about":[{"href":"https:\/\/hostalsmile.com\/it\/wp-json\/wp\/v2\/types\/page"}],"author":[{"embeddable":true,"href":"https:\/\/hostalsmile.com\/it\/wp-json\/wp\/v2\/users\/1"}],"replies":[{"embeddable":true,"href":"https:\/\/hostalsmile.com\/it\/wp-json\/wp\/v2\/comments?post=578"}],"version-history":[{"count":2,"href":"https:\/\/hostalsmile.com\/it\/wp-json\/wp\/v2\/pages\/578\/revisions"}],"predecessor-version":[{"id":585,"href":"https:\/\/hostalsmile.com\/it\/wp-json\/wp\/v2\/pages\/578\/revisions\/585"}],"wp:attachment":[{"href":"https:\/\/hostalsmile.com\/it\/wp-json\/wp\/v2\/media?parent=578"}],"curies":[{"name":"wp","href":"https:\/\/api.w.org\/{rel}","templated":true}]}}